{"id":461,"date":"2025-09-12T11:41:56","date_gmt":"2025-09-12T11:41:56","guid":{"rendered":"https:\/\/sandbox.vzaplayground.ch\/gem25-01\/?page_id=461"},"modified":"2025-09-12T12:57:34","modified_gmt":"2025-09-12T12:57:34","slug":"partenaires","status":"publish","type":"page","link":"https:\/\/sandbox.vzaplayground.ch\/gem25-01\/partenaires\/","title":{"rendered":"Partners"},"content":{"rendered":"\n<section class=\"wp-block-group\"><div class=\"wp-block-group__inner-container is-layout-constrained wp-block-group-is-layout-constrained\">\n<h2 class=\"wp-block-heading\">Partenaires officiels<\/h2>\n\n\n\n<ul class=\"wp-block-list\">\n<li>Anglo Belge<\/li>\n\n\n\n<li>SSEF<\/li>\n\n\n\n<li>Palexpo<\/li>\n\n\n\n<li>Autre id\u00e9e<\/li>\n<\/ul>\n<\/div><\/section>\n\n\n\n<section class=\"wp-block-group\"><div class=\"wp-block-group__inner-container is-layout-constrained wp-block-group-is-layout-constrained\">\n<h2 class=\"wp-block-heading\">Partenaires m\u00e9dias<\/h2>\n\n\n\n<ul class=\"wp-block-list\">\n<li>Europa Star<\/li>\n\n\n\n<li>Gold&rsquo;Or<\/li>\n\n\n\n<li>Go out!<\/li>\n\n\n\n<li>Il \u00e9tait une fois le bijou<\/li>\n\n\n\n<li>AMA<\/li>\n\n\n\n<li>La Gazette Drouot<\/li>\n\n\n\n<li>Collectissim<\/li>\n\n\n\n<li>Tribune des arts<\/li>\n<\/ul>\n\n\n\n<p><\/p>\n<\/div><\/section>\n\n\n\n<section class=\"wp-block-group\"><div class=\"wp-block-group__inner-container is-layout-constrained wp-block-group-is-layout-constrained\">\n<h2 class=\"wp-block-heading\">Partenaires institutionnels<\/h2>\n\n\n\n<ul class=\"wp-block-list\">\n<li>Mus\u00e9e international d&rsquo;Horlogerie<\/li>\n\n\n\n<li>Mus\u00e9e d&rsquo;art et d&rsquo;histoire de Gen\u00e8ve<\/li>\n\n\n\n<li>HEAD Gen\u00e8ve<\/li>\n\n\n\n<li>J.C. Faberg\u00e9<\/li>\n\n\n\n<li>HEM<\/li>\n\n\n\n<li>Le Grant Th\u00e9\u00e2tre de Gen\u00e8ve<\/li>\n\n\n\n<li>Etvj<\/li>\n\n\n\n<li>CPNE<\/li>\n\n\n\n<li><a href=\"https:\/\/cfparts.ch\/\">CFPArts, Gen\u00e8ve<\/a><\/li>\n\n\n\n<li>S.R.B.G.<\/li>\n<\/ul>\n\n\n\n<p><\/p>\n<\/div><\/section>\n\n\n\n<p><\/p>\n","protected":false},"excerpt":{"rendered":"<p>Partenaires officiels Partenaires m\u00e9dias Partenaires institutionnels<\/p>\n","protected":false},"author":1,"featured_media":0,"parent":0,"menu_order":0,"comment_status":"closed","ping_status":"closed","template":"","meta":{"_acf_changed":false,"footnotes":""},"class_list":["post-461","page","type-page","status-publish","hentry"],"acf":[],"_links":{"self":[{"href":"https:\/\/sandbox.vzaplayground.ch\/gem25-01\/wp-json\/wp\/v2\/pages\/461","targetHints":{"allow":["GET"]}}],"collection":[{"href":"https:\/\/sandbox.vzaplayground.ch\/gem25-01\/wp-json\/wp\/v2\/pages"}],"about":[{"href":"https:\/\/sandbox.vzaplayground.ch\/gem25-01\/wp-json\/wp\/v2\/types\/page"}],"author":[{"embeddable":true,"href":"https:\/\/sandbox.vzaplayground.ch\/gem25-01\/wp-json\/wp\/v2\/users\/1"}],"replies":[{"embeddable":true,"href":"https:\/\/sandbox.vzaplayground.ch\/gem25-01\/wp-json\/wp\/v2\/comments?post=461"}],"version-history":[{"count":5,"href":"https:\/\/sandbox.vzaplayground.ch\/gem25-01\/wp-json\/wp\/v2\/pages\/461\/revisions"}],"predecessor-version":[{"id":491,"href":"https:\/\/sandbox.vzaplayground.ch\/gem25-01\/wp-json\/wp\/v2\/pages\/461\/revisions\/491"}],"wp:attachment":[{"href":"https:\/\/sandbox.vzaplayground.ch\/gem25-01\/wp-json\/wp\/v2\/media?parent=461"}],"curies":[{"name":"wp","href":"https:\/\/api.w.org\/{rel}","templated":true}]}}